{"id":2,"date":"2017-01-19T15:09:31","date_gmt":"2017-01-19T14:09:31","guid":{"rendered":"http:\/\/lyonwhiskyclub.fr\/?page_id=2"},"modified":"2026-01-23T15:41:17","modified_gmt":"2026-01-23T14:41:17","slug":"page-d-exemple","status":"publish","type":"page","link":"https:\/\/lyonwhiskyclub.fr\/","title":{"rendered":"Amateurs de malt, cette page est pour vous !"},"content":{"rendered":"<p><span style=\"color: white;\">Le Lyon Whisky Club regroupe des n\u00e9ophytes, des amateurs et des connaisseurs, curieux de d\u00e9couvrir de nouvelles bouteilles.<br \/>\nDivers th\u00e8mes sont abord\u00e9s au cours de nos soir\u00e9es mensuelles comme les Iles, la tourbe, les distilleries ferm\u00e9es, les embouteilleurs ind\u00e9pendants&#8230;.<\/span><\/p>\n<p><strong><span style=\"color: white;\">N&rsquo;h\u00e9sitez pas \u00e0 nous rejoindre !<\/span><\/strong><\/p>\n<h2><strong><i><span style=\"color: white;\">Nombre de places et dates des soir\u00e9es<\/span><\/i><\/strong><\/h2>\n<p><span style=\"color: white;\">&nbsp;<\/span><\/p>\n<p><span style=\"color: white;\">Le club se r\u00e9unit une fois par mois et peut accueillir au maximum 20 personnes.<br \/>\nLes d\u00e9gustations auront toujours lieu \u00e0 <a href=\"http:\/\/lacaveopapilles.fr\" target=\"_blank\" rel=\"noopener noreferrer\">la Cave \u00d4 Papilles<\/a><\/span>, le 2e ou le 3e mercredi de chaque mois.<\/p>\n<p><a href=\"http:\/\/lacaveopapilles.fr\" target=\"_blank\" rel=\"noopener noreferrer\"><br \/>\n<\/a><a href=\"http:\/\/lacaveopapilles.fr\" target=\"_blank\" rel=\"noopener noreferrer\"><br \/>\n<\/a><\/p>\n<h2><strong><span style=\"color: white;\">Les dates des soir\u00e9es pour 2026 :<\/span><\/strong><\/h2>\n<p><span style=\"color: white;\">Attention, les th\u00e8mes sont susceptibles de changer en cours d&rsquo;ann\u00e9e en raison de d\u00e9couvertes de bouteilles incontournables et\/ou de rencontres avec des ambassadeurs, distillateurs \u00e9patants et ravis de venir nous faire go\u00fbter leurs breuvages.<\/span><\/p>\n<p>2026<\/p>\n<p><span style=\"color: white;\">Mercredi 14 Janvier, 20h &#8211; Assembl\u00e9e G\u00e9n\u00e9rale &#8211; R\u00e9serv\u00e9e aux adh\u00e9rents de 2025 <\/span><\/p>\n<p><span style=\"color: white;\">Mercredi 4 F\u00e9vrier, 20h &#8211; la distillerie Hyde en Irlande, en pr\u00e9sence de Tamara de Bartolo, la commerciale <\/span><\/p>\n<p><span style=\"color: white;\">Mercredi 11 Mars, 20h &#8211;  les Grands Alambics, Fabien Ghigo, tr\u00e9sorier du Club <\/span><\/p>\n<p><span style=\"color: white;\">Mercredi 8 Avril, 20h &#8211;  les Chineurs de Malt, en pr\u00e9sence de Jean-Yves Pomaret, le fondateur <\/span><\/p>\n<p><span style=\"color: white;\">Mercredi 6 Mai, 20h &#8211; Westland, en pr\u00e9sence de Morgan Perin, le commercial <\/span><\/p>\n<p><span style=\"color: white;\">Mercredi 10 Juin, 20h &#8211; Food Pairing, lieu \u00e0 d\u00e9finir<\/span><\/p>\n<p><span style=\"color: white;\">Mercredi 1er Juillet, 20h &#8211; Maison Ferroni, en pr\u00e9sence de Tamara de Bartolo, la commerciale <\/span><\/p>\n<p><span style=\"color: white;\">Mercredi 9 Septembre, 20h &#8211; Orcines <\/span><\/p>\n<p><span style=\"color: white;\">Mercredi 14 Octobre, 20h &#8211; les whiskies prim\u00e9s, Fabien Ghigo, le tr\u00e9sorier du Club <\/span><\/p>\n<p><span style=\"color: white;\">Mercredi 25 novembre, 20h &#8211; la Scandinavie <\/span><\/p>\n<p><span style=\"color: white;\">Mercredi 9 d\u00e9cembre, 20h &#8211; Soir\u00e9e de No\u00ebl, bouteilles d&rsquo;exception, Tourbe <\/span><br \/>\n<span style=\"color: white;\">&nbsp;<\/span><\/p>\n<h2><strong><i><span style=\"color: white;\">D\u00e9roulement<\/span><\/i><\/strong><\/h2>\n<p><span style=\"color: white;\">&nbsp;<\/span><\/p>\n<p><span style=\"color: white;\">Pour d\u00e9guster sans aucun a priori, rien de mieux qu&rsquo;une d\u00e9gustation \u00e0 l&rsquo;aveugle ; 3 whiskies seront d\u00e9couverts \u00e0 chaque soir\u00e9e.<\/span> <\/p>\n<p><span style=\"color: white;\">&nbsp;<\/span><\/p>\n<p><span style=\"color: white;\">Chaque participant pourra profiter des verres \u00e0 d\u00e9gustation fournis, d&rsquo;une fiche de degustation, d&rsquo;eau et d&rsquo;un assortiment de charcuteries venant de chez Bobosse et de fromages de la fromagerie Beillevaire (une fois la d\u00e9gustation r\u00e9alis\u00e9e).<\/span><\/p>\n<p><span style=\"color: white;\">&nbsp;<\/span><\/p>\n","protected":false},"excerpt":{"rendered":"<p>Le Lyon Whisky Club regroupe des n\u00e9ophytes, des amateurs et des connaisseurs, curieux de d\u00e9couvrir de nouvelles bouteilles. Divers th\u00e8mes sont abord\u00e9s au cours de nos soir\u00e9es mensuelles comme les Iles, la tourbe, les distilleries ferm\u00e9es, les embouteilleurs ind\u00e9pendants&#8230;. N&rsquo;h\u00e9sitez pas \u00e0 nous rejoindre ! Nombre de places et dates des soir\u00e9es &nbsp; Le club &hellip; <\/p>\n<p class=\"link-more\"><a href=\"https:\/\/lyonwhiskyclub.fr\/\" class=\"more-link\">Continuer la lecture<span class=\"screen-reader-text\"> de &laquo;&nbsp;Amateurs de malt, cette page est pour vous !&nbsp;&raquo;<\/span><\/a><\/p>\n","protected":false},"author":1,"featured_media":0,"parent":0,"menu_order":0,"comment_status":"closed","ping_status":"open","template":"","meta":{"footnotes":""},"class_list":["post-2","page","type-page","status-publish","hentry"],"aioseo_notices":[],"_links":{"self":[{"href":"https:\/\/lyonwhiskyclub.fr\/index.php\/wp-json\/wp\/v2\/pages\/2","targetHints":{"allow":["GET"]}}],"collection":[{"href":"https:\/\/lyonwhiskyclub.fr\/index.php\/wp-json\/wp\/v2\/pages"}],"about":[{"href":"https:\/\/lyonwhiskyclub.fr\/index.php\/wp-json\/wp\/v2\/types\/page"}],"author":[{"embeddable":true,"href":"https:\/\/lyonwhiskyclub.fr\/index.php\/wp-json\/wp\/v2\/users\/1"}],"replies":[{"embeddable":true,"href":"https:\/\/lyonwhiskyclub.fr\/index.php\/wp-json\/wp\/v2\/comments?post=2"}],"version-history":[{"count":233,"href":"https:\/\/lyonwhiskyclub.fr\/index.php\/wp-json\/wp\/v2\/pages\/2\/revisions"}],"predecessor-version":[{"id":6914,"href":"https:\/\/lyonwhiskyclub.fr\/index.php\/wp-json\/wp\/v2\/pages\/2\/revisions\/6914"}],"wp:attachment":[{"href":"https:\/\/lyonwhiskyclub.fr\/index.php\/wp-json\/wp\/v2\/media?parent=2"}],"curies":[{"name":"wp","href":"https:\/\/api.w.org\/{rel}","templated":true}]}}