{"id":2944,"date":"2021-11-16T18:33:53","date_gmt":"2021-11-16T17:33:53","guid":{"rendered":"https:\/\/lyonwhiskyclub.fr\/?page_id=2944"},"modified":"2024-07-30T17:21:47","modified_gmt":"2024-07-30T15:21:47","slug":"boutique","status":"publish","type":"page","link":"https:\/\/lyonwhiskyclub.fr\/index.php\/boutique\/","title":{"rendered":"Boutique"},"content":{"rendered":"\n<div class=\"wp-block-columns is-layout-flex wp-container-core-columns-is-layout-9d6595d7 wp-block-columns-is-layout-flex\">\n<div class=\"wp-block-column is-layout-flow wp-block-column-is-layout-flow\">\n<h2 class=\"wp-block-heading\">Boutique<\/h2>\n\n\n\n<p>Adh\u00e9rez ou r\u00e9servez une soir\u00e9e en ligne.<\/p>\n\n\n\n<figure class=\"wp-block-image size-full\"><a href=\"https:\/\/lyon-whisky-club.sumup.link\/\" target=\"_blank\" rel=\"noopener\"><img loading=\"lazy\" decoding=\"async\" width=\"1000\" height=\"563\" src=\"https:\/\/lyonwhiskyclub.fr\/wp-content\/uploads\/2021\/11\/banner.jpg\" alt=\"\" class=\"wp-image-2945\" srcset=\"https:\/\/lyonwhiskyclub.fr\/wp-content\/uploads\/2021\/11\/banner.jpg 1000w, https:\/\/lyonwhiskyclub.fr\/wp-content\/uploads\/2021\/11\/banner-300x169.jpg 300w, https:\/\/lyonwhiskyclub.fr\/wp-content\/uploads\/2021\/11\/banner-768x432.jpg 768w\" sizes=\"auto, (max-width: 706px) 89vw, (max-width: 767px) 82vw, 740px\" \/><\/a><\/figure>\n\n\n\n<div class=\"wp-block-buttons is-layout-flex wp-block-buttons-is-layout-flex\">\n<div class=\"wp-block-button has-custom-width wp-block-button__width-100 is-style-fill\"><a class=\"wp-block-button__link has-black-color has-white-background-color has-text-color has-background\" href=\"https:\/\/lyon-whisky-club.sumup.link\/\" target=\"_blank\" rel=\"noreferrer noopener\">BOUTIQUE<\/a><\/div>\n<\/div>\n<\/div>\n\n\n\n<div class=\"wp-block-column is-layout-flow wp-block-column-is-layout-flow\">\n<h2 class=\"wp-block-heading\">Ch\u00e8que Cadeau<\/h2>\n\n\n\n<p>Offrez un ch\u00e8que cadeau du montant de votre choix.<\/p>\n\n\n\n<div class=\"wp-block-image\"><figure class=\"aligncenter size-large\"><a href=\"https:\/\/giftcard.sumup.io\/order\/GMHZ3CQ\/lyon-whisky-club\" target=\"_blank\" rel=\"noopener\"><img loading=\"lazy\" decoding=\"async\" width=\"1024\" height=\"576\" src=\"https:\/\/lyonwhiskyclub.fr\/wp-content\/uploads\/2021\/05\/20210428_212424-1024x576.jpg\" alt=\"\" class=\"wp-image-2604\" srcset=\"https:\/\/lyonwhiskyclub.fr\/wp-content\/uploads\/2021\/05\/20210428_212424-1024x576.jpg 1024w, https:\/\/lyonwhiskyclub.fr\/wp-content\/uploads\/2021\/05\/20210428_212424-300x169.jpg 300w, https:\/\/lyonwhiskyclub.fr\/wp-content\/uploads\/2021\/05\/20210428_212424-768x432.jpg 768w, https:\/\/lyonwhiskyclub.fr\/wp-content\/uploads\/2021\/05\/20210428_212424-1536x864.jpg 1536w, https:\/\/lyonwhiskyclub.fr\/wp-content\/uploads\/2021\/05\/20210428_212424-2048x1152.jpg 2048w\" sizes=\"auto, (max-width: 706px) 89vw, (max-width: 767px) 82vw, 740px\" \/><\/a><\/figure><\/div>\n\n\n\n<div class=\"wp-block-buttons is-layout-flex wp-block-buttons-is-layout-flex\">\n<div class=\"wp-block-button has-custom-width wp-block-button__width-100\"><a class=\"wp-block-button__link has-black-color has-white-background-color has-text-color has-background\" href=\"https:\/\/giftcard.sumup.io\/order\/GMHZ3CQ\/lyon-whisky-club\" target=\"_blank\" rel=\"noreferrer noopener\">CHEQUE CADEAU<\/a><\/div>\n<\/div>\n<\/div>\n<\/div>\n\n\n\n<p><\/p>\n","protected":false},"excerpt":{"rendered":"<p>Boutique Adh\u00e9rez ou r\u00e9servez une soir\u00e9e en ligne. Ch\u00e8que Cadeau Offrez un ch\u00e8que cadeau du montant de votre choix.<\/p>\n","protected":false},"author":1,"featured_media":0,"parent":0,"menu_order":0,"comment_status":"closed","ping_status":"closed","template":"","meta":{"footnotes":""},"class_list":["post-2944","page","type-page","status-publish","hentry"],"aioseo_notices":[],"_links":{"self":[{"href":"https:\/\/lyonwhiskyclub.fr\/index.php\/wp-json\/wp\/v2\/pages\/2944","targetHints":{"allow":["GET"]}}],"collection":[{"href":"https:\/\/lyonwhiskyclub.fr\/index.php\/wp-json\/wp\/v2\/pages"}],"about":[{"href":"https:\/\/lyonwhiskyclub.fr\/index.php\/wp-json\/wp\/v2\/types\/page"}],"author":[{"embeddable":true,"href":"https:\/\/lyonwhiskyclub.fr\/index.php\/wp-json\/wp\/v2\/users\/1"}],"replies":[{"embeddable":true,"href":"https:\/\/lyonwhiskyclub.fr\/index.php\/wp-json\/wp\/v2\/comments?post=2944"}],"version-history":[{"count":12,"href":"https:\/\/lyonwhiskyclub.fr\/index.php\/wp-json\/wp\/v2\/pages\/2944\/revisions"}],"predecessor-version":[{"id":6682,"href":"https:\/\/lyonwhiskyclub.fr\/index.php\/wp-json\/wp\/v2\/pages\/2944\/revisions\/6682"}],"wp:attachment":[{"href":"https:\/\/lyonwhiskyclub.fr\/index.php\/wp-json\/wp\/v2\/media?parent=2944"}],"curies":[{"name":"wp","href":"https:\/\/api.w.org\/{rel}","templated":true}]}}