{"id":2982,"date":"2021-11-29T11:16:58","date_gmt":"2021-11-29T10:16:58","guid":{"rendered":"https:\/\/lyonwhiskyclub.fr\/?page_id=2982"},"modified":"2026-01-23T15:24:00","modified_gmt":"2026-01-23T14:24:00","slug":"adhesion-et-tarifs","status":"publish","type":"page","link":"https:\/\/lyonwhiskyclub.fr\/index.php\/adhesion-et-tarifs\/","title":{"rendered":"Adh\u00e9sion et Tarifs"},"content":{"rendered":"\n<h2 class=\"wp-block-heading\"><\/h2>\n\n\n\n<p>L\u2019adh\u00e9sion est pour l\u2019ann\u00e9e civile et co\u00fbte 30\u20ac ; elle donne droit \u00e0 des tarifs pr\u00e9f\u00e9rentiels aux soir\u00e9es.<\/p>\n\n\n\n<p>Ainsi, les tarifs pour 2026 sont d\u00e9clin\u00e9s selon deux formules:<\/p>\n\n\n\n<p>Le Daily Dram : Pour les adh\u00e9rents uniquement. Cette formule permet d\u2019acc\u00e9der aux soir\u00e9es pour 32\u20ac.<\/p>\n\n\n\n<p>Le Starter : Pour les non-adh\u00e9rents, cette formule permet de participer \u00e0 une soir\u00e9e pour 45\u20ac.<\/p>\n\n\n\n<p>Attention : la r\u00e9servation d\u2019une date n\u2019est effective qu\u2019apr\u00e8s le r\u00e8glement de la soir\u00e9e concern\u00e9e.<br>En cas d\u2019annulation plus de 48h avant, le montant est report\u00e9 pour une autre soir\u00e9e. Si moins de 48h, il n\u2019y a pas de report possible. Aucun remboursement n\u2019est possible.<\/p>\n\n\n\n<iframe src=\"https:\/\/www.google.com\/maps\/embed?pb=!1m14!1m8!1m3!1d22268.544767740437!2d4.845953!3d45.759804!3m2!1i1024!2i768!4f13.1!3m3!1m2!1s0x0%3A0xc7eaf116efaf226e!2sLa%20Cave%20%C3%94%20Papilles!5e0!3m2!1sfr!2sfr!4v1638180869556!5m2!1sfr!2sfr\" width=\"600\" height=\"450\" style=\"border:0;\" allowfullscreen=\"\" loading=\"lazy\"><\/iframe>\n\n\n\n<h2 class=\"wp-block-heading\"><strong><em>R\u00e9seaux sociaux<\/em><\/strong><\/h2>\n\n\n\n<p><strong><a href=\"http:\/\/lacaveopapilles.fr\/\" target=\"_blank\" rel=\"noreferrer noopener\">Vous pouvez nous suivre sur Facebook :&nbsp;<\/a><a href=\"https:\/\/www.facebook.com\/Lyon-Whisky-Club-1822588601346808\/?fref=ts\" target=\"_blank\" rel=\"noreferrer noopener\">Lyon Whisky Club<\/a><\/strong><\/p>\n\n\n\n<p><\/p>\n","protected":false},"excerpt":{"rendered":"<p>L\u2019adh\u00e9sion est pour l\u2019ann\u00e9e civile et co\u00fbte 30\u20ac ; elle donne droit \u00e0 des tarifs pr\u00e9f\u00e9rentiels aux soir\u00e9es. Ainsi, les tarifs pour 2026 sont d\u00e9clin\u00e9s selon deux formules: Le Daily Dram : Pour les adh\u00e9rents uniquement. Cette formule permet d\u2019acc\u00e9der aux soir\u00e9es pour 32\u20ac. Le Starter : Pour les non-adh\u00e9rents, cette formule permet de participer &hellip; <\/p>\n<p class=\"link-more\"><a href=\"https:\/\/lyonwhiskyclub.fr\/index.php\/adhesion-et-tarifs\/\" class=\"more-link\">Continuer la lecture<span class=\"screen-reader-text\"> de &laquo;&nbsp;Adh\u00e9sion et Tarifs&nbsp;&raquo;<\/span><\/a><\/p>\n","protected":false},"author":1,"featured_media":0,"parent":0,"menu_order":0,"comment_status":"closed","ping_status":"closed","template":"","meta":{"footnotes":""},"class_list":["post-2982","page","type-page","status-publish","hentry"],"aioseo_notices":[],"_links":{"self":[{"href":"https:\/\/lyonwhiskyclub.fr\/index.php\/wp-json\/wp\/v2\/pages\/2982","targetHints":{"allow":["GET"]}}],"collection":[{"href":"https:\/\/lyonwhiskyclub.fr\/index.php\/wp-json\/wp\/v2\/pages"}],"about":[{"href":"https:\/\/lyonwhiskyclub.fr\/index.php\/wp-json\/wp\/v2\/types\/page"}],"author":[{"embeddable":true,"href":"https:\/\/lyonwhiskyclub.fr\/index.php\/wp-json\/wp\/v2\/users\/1"}],"replies":[{"embeddable":true,"href":"https:\/\/lyonwhiskyclub.fr\/index.php\/wp-json\/wp\/v2\/comments?post=2982"}],"version-history":[{"count":8,"href":"https:\/\/lyonwhiskyclub.fr\/index.php\/wp-json\/wp\/v2\/pages\/2982\/revisions"}],"predecessor-version":[{"id":6910,"href":"https:\/\/lyonwhiskyclub.fr\/index.php\/wp-json\/wp\/v2\/pages\/2982\/revisions\/6910"}],"wp:attachment":[{"href":"https:\/\/lyonwhiskyclub.fr\/index.php\/wp-json\/wp\/v2\/media?parent=2982"}],"curies":[{"name":"wp","href":"https:\/\/api.w.org\/{rel}","templated":true}]}}